{"id":12606,"date":"2021-08-29T15:45:25","date_gmt":"2021-08-29T19:45:25","guid":{"rendered":"https:\/\/festival-conte.qc.ca\/edition-2021\/lieux-2021\/"},"modified":"2021-09-17T14:17:44","modified_gmt":"2021-09-17T18:17:44","slug":"venues","status":"publish","type":"page","link":"https:\/\/festival-conte.qc.ca\/en\/edition-2021-2-3-2-2-2\/venues\/","title":{"rendered":"Venues"},"content":{"rendered":"<div class=\"wpb-content-wrapper\"><p>[vc_row][vc_column][vc_column_text]<\/p>\n<h5><strong>The Montreal Intercultural Storytelling Festival presents events in many venues. <\/strong><\/h5>\n<p>[\/vc_column_text][\/vc_column][\/vc_row][vc_row][vc_column][\/vc_column][\/vc_row][vc_row][vc_column width=&#8221;1\/2&#8243;][vc_column_text]<\/p>\n<p>Auditorium de la Grande Biblioth\u00e8que<br \/>\n475, boul. de Maisonneuve Est, Montr\u00e9al<br \/>\n514 873-1100<\/p>\n<p>Bar Le Jockey<br \/>\n1309, rue Saint-Zotique Est, Montr\u00e9al<br \/>\n514 564-6646<\/p>\n<p>Biblioth\u00e8que de Pierrefonds \/ Pierrefonds Library<br \/>\n13555, boul. de Pierrefonds, Pierrefonds-Roxboro<br \/>\n514 626-1800<\/p>\n<p>Biblioth\u00e8que du Bois\u00e9<br \/>\n2727, boul. Thimens, Saint-Laurent<br \/>\n514 855-6130<\/p>\n<p>Cabaret BMO Sainte-Th\u00e9r\u00e8se<br \/>\n57, rue Turgeon, Sainte-Th\u00e9r\u00e8se<br \/>\n450 434-4006<\/p>\n<p>Cin\u00e9math\u00e8que qu\u00e9b\u00e9coise<br \/>\n335, boul. de Maisonneuve Est, Montr\u00e9al<br \/>\n514 842-9763<\/p>\n<p>Eleanor London C\u00f4te Saint-Luc Public Library<br \/>\n5851, boul. Cavendish, C\u00f4te-Saint-Luc<br \/>\n514 485-6900<\/p>\n<p>Espace culturel Saint-Gilles<br \/>\n562, route des Outaouais, Brownsburg-Chatham<br \/>\n579 791-0551<\/p>\n<p>Espace Mushagalusa<br \/>\n533, rue Ontario Est, Montr\u00e9al<br \/>\n514 303-1112<\/p>\n<p>La Cenne<br \/>\n7755, boul. Saint-Laurent, suite 300, Montr\u00e9al<br \/>\n514 564-5650<\/p>\n<p>Maison culturelle et communautaire de Montr\u00e9al-Nord<br \/>\n12004, boul. Rolland, Montr\u00e9al<br \/>\n514 328-4000<\/p>\n<p>Maison de la culture Claude-L\u00e9veill\u00e9e<br \/>\n911, rue Jean-Talon Est, Montr\u00e9al<br \/>\n514 872-6131<\/p>\n<p>Maison de la culture C\u00f4te-des-Neiges<br \/>\n5290, ch. de la C\u00f4te-des-Neiges, Montr\u00e9al<br \/>\n514 872-6889<\/p>\n<p>[\/vc_column_text][\/vc_column][vc_column width=&#8221;1\/2&#8243;][vc_column_text]<\/p>\n<p>Maison de la culture du Plateau-Mont-Royal<br \/>\n465, av. du Mont-Royal Est, Montr\u00e9al<br \/>\n514 872-2266<\/p>\n<p>Maison de la culture Janine-Sutto<br \/>\n2550, rue Ontario Est, Montr\u00e9al<br \/>\n514 872-7882<\/p>\n<p>Maison de la culture Notre-Dame-de-Gr\u00e2ce<br \/>\n3755, rue Botrel, Montr\u00e9al<br \/>\n514 872-2157<\/p>\n<p>Maison de la culture de Rosemont\u2013La Petite-Patrie<br \/>\n6707, av. de Lorimier, Montr\u00e9al<br \/>\n514 872-1730<\/p>\n<p>Maison internationale des arts de la marionnette<br \/>\n30, av. Saint-Just, Outremont<br \/>\n514 270-2717<\/p>\n<p>Maison Saint-Gabriel<br \/>\n2146, Place Dublin, Montr\u00e9al<br \/>\n514 935-8136<\/p>\n<p>Pavillon Henri-Bourassa<br \/>\n6100, rue Pascal, Montr\u00e9al-Nord<br \/>\n514 328-4000, poste 4197<\/p>\n<p>Petit Outremont<br \/>\n1248, av. Bernard Ouest, Montr\u00e9al<br \/>\n514 495-9944<\/p>\n<p>Pointe-\u00e0-Calli\u00e8re<br \/>\n350, Place Royale, Vieux-Montr\u00e9al<br \/>\n514 872-9150<\/p>\n<p>Th\u00e9\u00e2tre Outremont<br \/>\n1248, av. Bernard Ouest, Montr\u00e9al<br \/>\n514 495-9944<\/p>\n<p>Th\u00e9\u00e2tre Sainte-Catherine<br \/>\n264, rue Sainte-Catherine Est, Montr\u00e9al<br \/>\n514 284-3939<\/p>\n<p>UQAM, C\u0153ur des sciences, Agora Hydro-Qu\u00e9bec (CO-R500)<br \/>\n175, av. du Pr\u00e9sident-Kennedy, Montr\u00e9al<br \/>\n514 987-0357<\/p>\n<p>Victoria Hall Community Centre<br \/>\n4626, Sherbrooke Ouest, Westmount<br \/>\n514 989-5226<\/p>\n<p>[\/vc_column_text][\/vc_column][\/vc_row]<\/p>\n<\/div>","protected":false},"excerpt":{"rendered":"<p>[vc_row][vc_column][vc_column_text] The Montreal Intercultural Storytelling Festival presents events in many venues. [\/vc_column_text][\/vc_column][\/vc_row][vc_row][vc_column][\/vc_column][\/vc_row][vc_row][vc_column width=&#8221;1\/2&#8243;][vc_column_text] Auditorium de la Grande Biblioth\u00e8que 475, boul. [&hellip;]<\/p>\n","protected":false},"author":5,"featured_media":0,"parent":9985,"menu_order":0,"comment_status":"closed","ping_status":"closed","template":"","meta":{"_acf_changed":false,"inline_featured_image":false,"_uag_custom_page_level_css":"","site-sidebar-layout":"no-sidebar","site-content-layout":"plain-container","ast-site-content-layout":"default","site-content-style":"default","site-sidebar-style":"default","ast-global-header-display":"","ast-banner-title-visibility":"","ast-main-header-display":"","ast-hfb-above-header-display":"","ast-hfb-below-header-display":"","ast-hfb-mobile-header-display":"","site-post-title":"disabled","ast-breadcrumbs-content":"","ast-featured-img":"disabled","footer-sml-layout":"","ast-disable-related-posts":"","theme-transparent-header-meta":"","adv-header-id-meta":"","stick-header-meta":"","header-above-stick-meta":"","header-main-stick-meta":"","header-below-stick-meta":"","astra-migrate-meta-layouts":"default","ast-page-background-enabled":"default","ast-page-background-meta":{"desktop":{"background-color":"var(--ast-global-color-4)","background-image":"","background-repeat":"repeat","background-position":"center center","background-size":"auto","background-attachment":"scroll","background-type":"","background-media":"","overlay-type":"","overlay-color":"","overlay-opacity":"","overlay-gradient":""},"tablet":{"background-color":"","background-image":"","background-repeat":"repeat","background-position":"center center","background-size":"auto","background-attachment":"scroll","background-type":"","background-media":"","overlay-type":"","overlay-color":"","overlay-opacity":"","overlay-gradient":""},"mobile":{"background-color":"","background-image":"","background-repeat":"repeat","background-position":"center center","background-size":"auto","background-attachment":"scroll","background-type":"","background-media":"","overlay-type":"","overlay-color":"","overlay-opacity":"","overlay-gradient":""}},"ast-content-background-meta":{"desktop":{"background-color":"var(--ast-global-color-5)","background-image":"","background-repeat":"repeat","background-position":"center center","background-size":"auto","background-attachment":"scroll","background-type":"","background-media":"","overlay-type":"","overlay-color":"","overlay-opacity":"","overlay-gradient":""},"tablet":{"background-color":"var(--ast-global-color-5)","background-image":"","background-repeat":"repeat","background-position":"center center","background-size":"auto","background-attachment":"scroll","background-type":"","background-media":"","overlay-type":"","overlay-color":"","overlay-opacity":"","overlay-gradient":""},"mobile":{"background-color":"var(--ast-global-color-5)","background-image":"","background-repeat":"repeat","background-position":"center center","background-size":"auto","background-attachment":"scroll","background-type":"","background-media":"","overlay-type":"","overlay-color":"","overlay-opacity":"","overlay-gradient":""}},"footnotes":""},"class_list":["post-12606","page","type-page","status-publish","hentry"],"acf":[],"yoast_head":"<!-- This site is optimized with the Yoast SEO plugin v26.9 - https:\/\/yoast.com\/product\/yoast-seo-wordpress\/ -->\n<title>Venues -<\/title>\n<meta name=\"robots\" content=\"index, follow, max-snippet:-1, max-image-preview:large, max-video-preview:-1\" \/>\n<link rel=\"canonical\" href=\"https:\/\/festival-conte.qc.ca\/en\/edition-2021-2-3-2-2-2\/venues\/\" \/>\n<meta property=\"og:locale\" content=\"en_US\" \/>\n<meta property=\"og:type\" content=\"article\" \/>\n<meta property=\"og:title\" content=\"Venues -\" \/>\n<meta property=\"og:description\" content=\"[vc_row][vc_column][vc_column_text] The Montreal Intercultural Storytelling Festival presents events in many venues. [\/vc_column_text][\/vc_column][\/vc_row][vc_row][vc_column][\/vc_column][\/vc_row][vc_row][vc_column width=&#8221;1\/2&#8243;][vc_column_text] Auditorium de la Grande Biblioth\u00e8que 475, boul. [&hellip;]\" \/>\n<meta property=\"og:url\" content=\"https:\/\/festival-conte.qc.ca\/en\/edition-2021-2-3-2-2-2\/venues\/\" \/>\n<meta property=\"article:publisher\" content=\"https:\/\/www.facebook.com\/FestivalConteMontreal\/\" \/>\n<meta property=\"article:modified_time\" content=\"2021-09-17T18:17:44+00:00\" \/>\n<meta name=\"twitter:card\" content=\"summary_large_image\" \/>\n<meta name=\"twitter:label1\" content=\"Est. reading time\" \/>\n\t<meta name=\"twitter:data1\" content=\"2 minutes\" \/>\n<script type=\"application\/ld+json\" class=\"yoast-schema-graph\">{\"@context\":\"https:\/\/schema.org\",\"@graph\":[{\"@type\":\"WebPage\",\"@id\":\"https:\/\/festival-conte.qc.ca\/en\/edition-2021-2-3-2-2-2\/venues\/\",\"url\":\"https:\/\/festival-conte.qc.ca\/en\/edition-2021-2-3-2-2-2\/venues\/\",\"name\":\"Venues -\",\"isPartOf\":{\"@id\":\"https:\/\/www.festival-conte.qc.ca\/en\/#website\"},\"datePublished\":\"2021-08-29T19:45:25+00:00\",\"dateModified\":\"2021-09-17T18:17:44+00:00\",\"breadcrumb\":{\"@id\":\"https:\/\/festival-conte.qc.ca\/en\/edition-2021-2-3-2-2-2\/venues\/#breadcrumb\"},\"inLanguage\":\"en-US\",\"potentialAction\":[{\"@type\":\"ReadAction\",\"target\":[\"https:\/\/festival-conte.qc.ca\/en\/edition-2021-2-3-2-2-2\/venues\/\"]}]},{\"@type\":\"BreadcrumbList\",\"@id\":\"https:\/\/festival-conte.qc.ca\/en\/edition-2021-2-3-2-2-2\/venues\/#breadcrumb\",\"itemListElement\":[{\"@type\":\"ListItem\",\"position\":1,\"name\":\"Accueil\",\"item\":\"https:\/\/festival-conte.qc.ca\/en\/\"},{\"@type\":\"ListItem\",\"position\":2,\"name\":\"Montreal Intercultural Storytelling Festival\",\"item\":\"https:\/\/festival-conte.qc.ca\/en\/\"},{\"@type\":\"ListItem\",\"position\":3,\"name\":\"Venues\"}]},{\"@type\":\"WebSite\",\"@id\":\"https:\/\/www.festival-conte.qc.ca\/en\/#website\",\"url\":\"https:\/\/www.festival-conte.qc.ca\/en\/\",\"name\":\"\",\"description\":\"FICM\",\"publisher\":{\"@id\":\"https:\/\/www.festival-conte.qc.ca\/en\/#organization\"},\"potentialAction\":[{\"@type\":\"SearchAction\",\"target\":{\"@type\":\"EntryPoint\",\"urlTemplate\":\"https:\/\/www.festival-conte.qc.ca\/en\/?s={search_term_string}\"},\"query-input\":{\"@type\":\"PropertyValueSpecification\",\"valueRequired\":true,\"valueName\":\"search_term_string\"}}],\"inLanguage\":\"en-US\"},{\"@type\":\"Organization\",\"@id\":\"https:\/\/www.festival-conte.qc.ca\/en\/#organization\",\"name\":\"Festival interculturel du conte de Montr\u00e9al\",\"url\":\"https:\/\/www.festival-conte.qc.ca\/en\/\",\"logo\":{\"@type\":\"ImageObject\",\"inLanguage\":\"en-US\",\"@id\":\"https:\/\/www.festival-conte.qc.ca\/en\/#\/schema\/logo\/image\/\",\"url\":\"https:\/\/festival-conte.qc.ca\/wp-content\/uploads\/logo_ficm.png\",\"contentUrl\":\"https:\/\/festival-conte.qc.ca\/wp-content\/uploads\/logo_ficm.png\",\"width\":1200,\"height\":1200,\"caption\":\"Festival interculturel du conte de Montr\u00e9al\"},\"image\":{\"@id\":\"https:\/\/www.festival-conte.qc.ca\/en\/#\/schema\/logo\/image\/\"},\"sameAs\":[\"https:\/\/www.facebook.com\/FestivalConteMontreal\/\",\"https:\/\/www.youtube.com\/user\/FestivalConteQC\",\"https:\/\/fr.wikipedia.org\/wiki\/Festival_interculturel_du_conte_du_Qu\u00e9bec\"]}]}<\/script>\n<!-- \/ Yoast SEO plugin. -->","yoast_head_json":{"title":"Venues -","robots":{"index":"index","follow":"follow","max-snippet":"max-snippet:-1","max-image-preview":"max-image-preview:large","max-video-preview":"max-video-preview:-1"},"canonical":"https:\/\/festival-conte.qc.ca\/en\/edition-2021-2-3-2-2-2\/venues\/","og_locale":"en_US","og_type":"article","og_title":"Venues -","og_description":"[vc_row][vc_column][vc_column_text] The Montreal Intercultural Storytelling Festival presents events in many venues. [\/vc_column_text][\/vc_column][\/vc_row][vc_row][vc_column][\/vc_column][\/vc_row][vc_row][vc_column width=&#8221;1\/2&#8243;][vc_column_text] Auditorium de la Grande Biblioth\u00e8que 475, boul. [&hellip;]","og_url":"https:\/\/festival-conte.qc.ca\/en\/edition-2021-2-3-2-2-2\/venues\/","article_publisher":"https:\/\/www.facebook.com\/FestivalConteMontreal\/","article_modified_time":"2021-09-17T18:17:44+00:00","twitter_card":"summary_large_image","twitter_misc":{"Est. reading time":"2 minutes"},"schema":{"@context":"https:\/\/schema.org","@graph":[{"@type":"WebPage","@id":"https:\/\/festival-conte.qc.ca\/en\/edition-2021-2-3-2-2-2\/venues\/","url":"https:\/\/festival-conte.qc.ca\/en\/edition-2021-2-3-2-2-2\/venues\/","name":"Venues -","isPartOf":{"@id":"https:\/\/www.festival-conte.qc.ca\/en\/#website"},"datePublished":"2021-08-29T19:45:25+00:00","dateModified":"2021-09-17T18:17:44+00:00","breadcrumb":{"@id":"https:\/\/festival-conte.qc.ca\/en\/edition-2021-2-3-2-2-2\/venues\/#breadcrumb"},"inLanguage":"en-US","potentialAction":[{"@type":"ReadAction","target":["https:\/\/festival-conte.qc.ca\/en\/edition-2021-2-3-2-2-2\/venues\/"]}]},{"@type":"BreadcrumbList","@id":"https:\/\/festival-conte.qc.ca\/en\/edition-2021-2-3-2-2-2\/venues\/#breadcrumb","itemListElement":[{"@type":"ListItem","position":1,"name":"Accueil","item":"https:\/\/festival-conte.qc.ca\/en\/"},{"@type":"ListItem","position":2,"name":"Montreal Intercultural Storytelling Festival","item":"https:\/\/festival-conte.qc.ca\/en\/"},{"@type":"ListItem","position":3,"name":"Venues"}]},{"@type":"WebSite","@id":"https:\/\/www.festival-conte.qc.ca\/en\/#website","url":"https:\/\/www.festival-conte.qc.ca\/en\/","name":"","description":"FICM","publisher":{"@id":"https:\/\/www.festival-conte.qc.ca\/en\/#organization"},"potentialAction":[{"@type":"SearchAction","target":{"@type":"EntryPoint","urlTemplate":"https:\/\/www.festival-conte.qc.ca\/en\/?s={search_term_string}"},"query-input":{"@type":"PropertyValueSpecification","valueRequired":true,"valueName":"search_term_string"}}],"inLanguage":"en-US"},{"@type":"Organization","@id":"https:\/\/www.festival-conte.qc.ca\/en\/#organization","name":"Festival interculturel du conte de Montr\u00e9al","url":"https:\/\/www.festival-conte.qc.ca\/en\/","logo":{"@type":"ImageObject","inLanguage":"en-US","@id":"https:\/\/www.festival-conte.qc.ca\/en\/#\/schema\/logo\/image\/","url":"https:\/\/festival-conte.qc.ca\/wp-content\/uploads\/logo_ficm.png","contentUrl":"https:\/\/festival-conte.qc.ca\/wp-content\/uploads\/logo_ficm.png","width":1200,"height":1200,"caption":"Festival interculturel du conte de Montr\u00e9al"},"image":{"@id":"https:\/\/www.festival-conte.qc.ca\/en\/#\/schema\/logo\/image\/"},"sameAs":["https:\/\/www.facebook.com\/FestivalConteMontreal\/","https:\/\/www.youtube.com\/user\/FestivalConteQC","https:\/\/fr.wikipedia.org\/wiki\/Festival_interculturel_du_conte_du_Qu\u00e9bec"]}]}},"uagb_featured_image_src":{"full":false,"thumbnail":false,"medium":false,"medium_large":false,"large":false,"1536x1536":false,"2048x2048":false,"the_grid_size1":false,"the_grid_size2":false,"the_grid_size3":false,"the_grid_size4":false,"the_grid_size5":false},"uagb_author_info":{"display_name":"jeff","author_link":"https:\/\/festival-conte.qc.ca\/en\/author\/jeff\/"},"uagb_comment_info":0,"uagb_excerpt":"[vc_row][vc_column][vc_column_text] The Montreal Intercultural Storytelling Festival presents events in many venues. [\/vc_column_text][\/vc_column][\/vc_row][vc_row][vc_column][\/vc_column][\/vc_row][vc_row][vc_column width=&#8221;1\/2&#8243;][vc_column_text] Auditorium de la Grande Biblioth\u00e8que 475, boul. [&hellip;]","_links":{"self":[{"href":"https:\/\/festival-conte.qc.ca\/en\/wp-json\/wp\/v2\/pages\/12606","targetHints":{"allow":["GET"]}}],"collection":[{"href":"https:\/\/festival-conte.qc.ca\/en\/wp-json\/wp\/v2\/pages"}],"about":[{"href":"https:\/\/festival-conte.qc.ca\/en\/wp-json\/wp\/v2\/types\/page"}],"author":[{"embeddable":true,"href":"https:\/\/festival-conte.qc.ca\/en\/wp-json\/wp\/v2\/users\/5"}],"replies":[{"embeddable":true,"href":"https:\/\/festival-conte.qc.ca\/en\/wp-json\/wp\/v2\/comments?post=12606"}],"version-history":[{"count":0,"href":"https:\/\/festival-conte.qc.ca\/en\/wp-json\/wp\/v2\/pages\/12606\/revisions"}],"up":[{"embeddable":true,"href":"https:\/\/festival-conte.qc.ca\/en\/wp-json\/wp\/v2\/pages\/9985"}],"wp:attachment":[{"href":"https:\/\/festival-conte.qc.ca\/en\/wp-json\/wp\/v2\/media?parent=12606"}],"curies":[{"name":"wp","href":"https:\/\/api.w.org\/{rel}","templated":true}]}}