{"id":16445,"date":"2023-09-08T00:56:30","date_gmt":"2023-09-08T04:56:30","guid":{"rendered":"https:\/\/dev.festival-conte.qc.ca\/?page_id=16445"},"modified":"2025-09-04T19:23:51","modified_gmt":"2025-09-04T23:23:51","slug":"workshop","status":"publish","type":"page","link":"https:\/\/festival-conte.qc.ca\/en\/2023-edition\/workshop\/","title":{"rendered":"Workshops and special events"},"content":{"rendered":"<div class=\"wpb-content-wrapper\"><p>[vc_row][vc_column][vc_single_image image=&#8221;15528&#8243; img_size=&#8221;full&#8221; alignment=&#8221;center&#8221; onclick=&#8221;custom_link&#8221; link=&#8221;https:\/\/festival-conte.qc.ca\/en\/2023-edition\/&#8221;][\/vc_column][\/vc_row][vc_row][vc_column width=&#8221;2\/3&#8243;][vc_column_text]<\/p>\n<h3><span style=\"color: #fe6720;\">Workshops and special events<\/span><\/h3>\n<p><span data-contrast=\"auto\">From the Page to the Stage: workshop with<a href=\"\/?p=14583\"> Daniel Morden<\/a><\/span><span data-ccp-props=\"{&quot;201341983&quot;:0,&quot;335559739&quot;:160,&quot;335559740&quot;:259}\">\u00a0<\/span><\/p>\n<p><span data-contrast=\"auto\">Traditional tales can be moving, poetic and thought-provoking. They can also be confusing, outdated, and offensive. In this workshop,\u202f<\/span><a href=\"\/?p=14583\"><span data-contrast=\"auto\">Daniel Morden<\/span><\/a><span data-contrast=\"auto\">\u202fexplains strategies to adapt an antiquated text into the basis of a 21st century performance. The course is suitable for storytellers with some experience of retelling traditional tales, rather than beginners.<\/span><span data-ccp-props=\"{&quot;134233117&quot;:false,&quot;134233118&quot;:false,&quot;201341983&quot;:2,&quot;335559738&quot;:0,&quot;335559739&quot;:0,&quot;335559740&quot;:294}\">\u00a0<\/span><\/p>\n<p><span data-ccp-props=\"{&quot;134233117&quot;:false,&quot;134233118&quot;:false,&quot;201341983&quot;:2,&quot;335559738&quot;:0,&quot;335559739&quot;:0,&quot;335559740&quot;:294}\">\u00a0<\/span><\/p>\n<p><span data-contrast=\"auto\">Saturday, October 28; 1:30\u202fp.m. to 5\u202fp.m.<\/span><br \/>\n<span data-contrast=\"auto\">UQAM, \u00c9cole sup\u00e9rieure de th\u00e9\u00e2tre<\/span><br \/>\n<span data-contrast=\"auto\">Pavillon Judith-Jasmin (Berri-UQAM subway)<\/span><br \/>\n<span data-contrast=\"auto\">Workshop fee: $31, taxes included<\/span><span data-ccp-props=\"{&quot;134233117&quot;:false,&quot;134233118&quot;:false,&quot;201341983&quot;:2,&quot;335559738&quot;:0,&quot;335559739&quot;:0,&quot;335559740&quot;:294}\">\u00a0<\/span><\/p>\n<p><span data-contrast=\"auto\">Questions: 514 439-7939<\/span><br \/>\n<a href=\"https:\/\/vente.tuxedobillet.com\/Vente\/from-the-page-to-the-stage\"><b><span data-contrast=\"none\">Reservation mandatory\u202fhere<\/span><\/b><\/a><span data-ccp-props=\"{&quot;134233117&quot;:false,&quot;134233118&quot;:false,&quot;201341983&quot;:2,&quot;335559738&quot;:0,&quot;335559739&quot;:0,&quot;335559740&quot;:294}\">\u00a0<\/span><\/p>\n<p>[\/vc_column_text][\/vc_column][vc_column width=&#8221;1\/3&#8243;][vc_widget_sidebar sidebar_id=&#8221;mpcth_smart_search&#8221;][\/vc_column][\/vc_row][vc_row][vc_column][vc_single_image image=&#8221;15772&#8243; img_size=&#8221;full&#8221; alignment=&#8221;center&#8221;][\/vc_column][\/vc_row]<\/p>\n<\/div>","protected":false},"excerpt":{"rendered":"<p>[vc_row][vc_column][vc_single_image image=&#8221;15528&#8243; img_size=&#8221;full&#8221; alignment=&#8221;center&#8221; onclick=&#8221;custom_link&#8221; link=&#8221;https:\/\/festival-conte.qc.ca\/en\/2023-edition\/&#8221;][\/vc_column][\/vc_row][vc_row][vc_column width=&#8221;2\/3&#8243;][vc_column_text] Workshops and special events From the Page to the Stage: workshop with Daniel [&hellip;]<\/p>\n","protected":false},"author":5,"featured_media":0,"parent":16403,"menu_order":0,"comment_status":"closed","ping_status":"closed","template":"","meta":{"_acf_changed":false,"inline_featured_image":false,"_uag_custom_page_level_css":"","site-sidebar-layout":"no-sidebar","site-content-layout":"plain-container","ast-site-content-layout":"default","site-content-style":"default","site-sidebar-style":"default","ast-global-header-display":"","ast-banner-title-visibility":"","ast-main-header-display":"","ast-hfb-above-header-display":"","ast-hfb-below-header-display":"","ast-hfb-mobile-header-display":"","site-post-title":"disabled","ast-breadcrumbs-content":"","ast-featured-img":"disabled","footer-sml-layout":"","ast-disable-related-posts":"","theme-transparent-header-meta":"default","adv-header-id-meta":"","stick-header-meta":"default","header-above-stick-meta":"","header-main-stick-meta":"","header-below-stick-meta":"","astra-migrate-meta-layouts":"set","ast-page-background-enabled":"default","ast-page-background-meta":{"desktop":{"background-color":"var(--ast-global-color-4)","background-image":"","background-repeat":"repeat","background-position":"center center","background-size":"auto","background-attachment":"scroll","background-type":"","background-media":"","overlay-type":"","overlay-color":"","overlay-opacity":"","overlay-gradient":""},"tablet":{"background-color":"","background-image":"","background-repeat":"repeat","background-position":"center center","background-size":"auto","background-attachment":"scroll","background-type":"","background-media":"","overlay-type":"","overlay-color":"","overlay-opacity":"","overlay-gradient":""},"mobile":{"background-color":"","background-image":"","background-repeat":"repeat","background-position":"center center","background-size":"auto","background-attachment":"scroll","background-type":"","background-media":"","overlay-type":"","overlay-color":"","overlay-opacity":"","overlay-gradient":""}},"ast-content-background-meta":{"desktop":{"background-color":"var(--ast-global-color-5)","background-image":"","background-repeat":"repeat","background-position":"center center","background-size":"auto","background-attachment":"scroll","background-type":"","background-media":"","overlay-type":"","overlay-color":"","overlay-opacity":"","overlay-gradient":""},"tablet":{"background-color":"var(--ast-global-color-5)","background-image":"","background-repeat":"repeat","background-position":"center center","background-size":"auto","background-attachment":"scroll","background-type":"","background-media":"","overlay-type":"","overlay-color":"","overlay-opacity":"","overlay-gradient":""},"mobile":{"background-color":"var(--ast-global-color-5)","background-image":"","background-repeat":"repeat","background-position":"center center","background-size":"auto","background-attachment":"scroll","background-type":"","background-media":"","overlay-type":"","overlay-color":"","overlay-opacity":"","overlay-gradient":""}},"footnotes":""},"class_list":["post-16445","page","type-page","status-publish","hentry"],"acf":[],"yoast_head":"<!-- This site is optimized with the Yoast SEO plugin v26.9 - https:\/\/yoast.com\/product\/yoast-seo-wordpress\/ -->\n<title>Workshops and special events -<\/title>\n<meta name=\"robots\" content=\"index, follow, max-snippet:-1, max-image-preview:large, max-video-preview:-1\" \/>\n<link rel=\"canonical\" href=\"https:\/\/festival-conte.qc.ca\/en\/2023-edition\/workshop\/\" \/>\n<meta property=\"og:locale\" content=\"en_US\" \/>\n<meta property=\"og:type\" content=\"article\" \/>\n<meta property=\"og:title\" content=\"Festival interculturel du conte de Montr\u00e9al\" \/>\n<meta property=\"og:description\" content=\"[vc_row][vc_column][vc_single_image image=&#8221;15528&#8243; img_size=&#8221;full&#8221; alignment=&#8221;center&#8221; onclick=&#8221;custom_link&#8221; link=&#8221;https:\/\/festival-conte.qc.ca\/en\/2023-edition\/&#8221;][\/vc_column][\/vc_row][vc_row][vc_column width=&#8221;2\/3&#8243;][vc_column_text] Workshops and special events From the Page to the Stage: workshop with Daniel [&hellip;]\" \/>\n<meta property=\"og:url\" content=\"https:\/\/festival-conte.qc.ca\/en\/2023-edition\/workshop\/\" \/>\n<meta property=\"article:publisher\" content=\"https:\/\/www.facebook.com\/FestivalConteMontreal\/\" \/>\n<meta property=\"article:modified_time\" content=\"2025-09-04T23:23:51+00:00\" \/>\n<meta property=\"og:image\" content=\"https:\/\/dev.festival-conte.qc.ca\/wp-content\/uploads\/festival-interculturel-du-conte-de-montreal-faubert-banniere-2020-share.jpg\" \/>\n\t<meta property=\"og:image:width\" content=\"1200\" \/>\n\t<meta property=\"og:image:height\" content=\"630\" \/>\n\t<meta property=\"og:image:type\" content=\"image\/jpeg\" \/>\n<meta name=\"twitter:card\" content=\"summary_large_image\" \/>\n<meta name=\"twitter:label1\" content=\"Est. reading time\" \/>\n\t<meta name=\"twitter:data1\" content=\"1 minute\" \/>\n<script type=\"application\/ld+json\" class=\"yoast-schema-graph\">{\"@context\":\"https:\/\/schema.org\",\"@graph\":[{\"@type\":\"WebPage\",\"@id\":\"https:\/\/festival-conte.qc.ca\/en\/2023-edition\/workshop\/\",\"url\":\"https:\/\/festival-conte.qc.ca\/en\/2023-edition\/workshop\/\",\"name\":\"Workshops and special events -\",\"isPartOf\":{\"@id\":\"https:\/\/www.festival-conte.qc.ca\/en\/#website\"},\"datePublished\":\"2023-09-08T04:56:30+00:00\",\"dateModified\":\"2025-09-04T23:23:51+00:00\",\"breadcrumb\":{\"@id\":\"https:\/\/festival-conte.qc.ca\/en\/2023-edition\/workshop\/#breadcrumb\"},\"inLanguage\":\"en-US\",\"potentialAction\":[{\"@type\":\"ReadAction\",\"target\":[\"https:\/\/festival-conte.qc.ca\/en\/2023-edition\/workshop\/\"]}]},{\"@type\":\"BreadcrumbList\",\"@id\":\"https:\/\/festival-conte.qc.ca\/en\/2023-edition\/workshop\/#breadcrumb\",\"itemListElement\":[{\"@type\":\"ListItem\",\"position\":1,\"name\":\"Accueil\",\"item\":\"https:\/\/festival-conte.qc.ca\/en\/\"},{\"@type\":\"ListItem\",\"position\":2,\"name\":\"2023 edition\",\"item\":\"https:\/\/dev.festival-conte.qc.ca\/en\/2023-edition\/\"},{\"@type\":\"ListItem\",\"position\":3,\"name\":\"Workshops and special events\"}]},{\"@type\":\"WebSite\",\"@id\":\"https:\/\/www.festival-conte.qc.ca\/en\/#website\",\"url\":\"https:\/\/www.festival-conte.qc.ca\/en\/\",\"name\":\"\",\"description\":\"FICM\",\"publisher\":{\"@id\":\"https:\/\/www.festival-conte.qc.ca\/en\/#organization\"},\"potentialAction\":[{\"@type\":\"SearchAction\",\"target\":{\"@type\":\"EntryPoint\",\"urlTemplate\":\"https:\/\/www.festival-conte.qc.ca\/en\/?s={search_term_string}\"},\"query-input\":{\"@type\":\"PropertyValueSpecification\",\"valueRequired\":true,\"valueName\":\"search_term_string\"}}],\"inLanguage\":\"en-US\"},{\"@type\":\"Organization\",\"@id\":\"https:\/\/www.festival-conte.qc.ca\/en\/#organization\",\"name\":\"Festival interculturel du conte de Montr\u00e9al\",\"url\":\"https:\/\/www.festival-conte.qc.ca\/en\/\",\"logo\":{\"@type\":\"ImageObject\",\"inLanguage\":\"en-US\",\"@id\":\"https:\/\/www.festival-conte.qc.ca\/en\/#\/schema\/logo\/image\/\",\"url\":\"https:\/\/festival-conte.qc.ca\/wp-content\/uploads\/logo_ficm.png\",\"contentUrl\":\"https:\/\/festival-conte.qc.ca\/wp-content\/uploads\/logo_ficm.png\",\"width\":1200,\"height\":1200,\"caption\":\"Festival interculturel du conte de Montr\u00e9al\"},\"image\":{\"@id\":\"https:\/\/www.festival-conte.qc.ca\/en\/#\/schema\/logo\/image\/\"},\"sameAs\":[\"https:\/\/www.facebook.com\/FestivalConteMontreal\/\",\"https:\/\/www.youtube.com\/user\/FestivalConteQC\",\"https:\/\/fr.wikipedia.org\/wiki\/Festival_interculturel_du_conte_du_Qu\u00e9bec\"]}]}<\/script>\n<!-- \/ Yoast SEO plugin. -->","yoast_head_json":{"title":"Workshops and special events -","robots":{"index":"index","follow":"follow","max-snippet":"max-snippet:-1","max-image-preview":"max-image-preview:large","max-video-preview":"max-video-preview:-1"},"canonical":"https:\/\/festival-conte.qc.ca\/en\/2023-edition\/workshop\/","og_locale":"en_US","og_type":"article","og_title":"Festival interculturel du conte de Montr\u00e9al","og_description":"[vc_row][vc_column][vc_single_image image=&#8221;15528&#8243; img_size=&#8221;full&#8221; alignment=&#8221;center&#8221; onclick=&#8221;custom_link&#8221; link=&#8221;https:\/\/festival-conte.qc.ca\/en\/2023-edition\/&#8221;][\/vc_column][\/vc_row][vc_row][vc_column width=&#8221;2\/3&#8243;][vc_column_text] Workshops and special events From the Page to the Stage: workshop with Daniel [&hellip;]","og_url":"https:\/\/festival-conte.qc.ca\/en\/2023-edition\/workshop\/","article_publisher":"https:\/\/www.facebook.com\/FestivalConteMontreal\/","article_modified_time":"2025-09-04T23:23:51+00:00","og_image":[{"width":1200,"height":630,"url":"https:\/\/dev.festival-conte.qc.ca\/wp-content\/uploads\/festival-interculturel-du-conte-de-montreal-faubert-banniere-2020-share.jpg","type":"image\/jpeg"}],"twitter_card":"summary_large_image","twitter_misc":{"Est. reading time":"1 minute"},"schema":{"@context":"https:\/\/schema.org","@graph":[{"@type":"WebPage","@id":"https:\/\/festival-conte.qc.ca\/en\/2023-edition\/workshop\/","url":"https:\/\/festival-conte.qc.ca\/en\/2023-edition\/workshop\/","name":"Workshops and special events -","isPartOf":{"@id":"https:\/\/www.festival-conte.qc.ca\/en\/#website"},"datePublished":"2023-09-08T04:56:30+00:00","dateModified":"2025-09-04T23:23:51+00:00","breadcrumb":{"@id":"https:\/\/festival-conte.qc.ca\/en\/2023-edition\/workshop\/#breadcrumb"},"inLanguage":"en-US","potentialAction":[{"@type":"ReadAction","target":["https:\/\/festival-conte.qc.ca\/en\/2023-edition\/workshop\/"]}]},{"@type":"BreadcrumbList","@id":"https:\/\/festival-conte.qc.ca\/en\/2023-edition\/workshop\/#breadcrumb","itemListElement":[{"@type":"ListItem","position":1,"name":"Accueil","item":"https:\/\/festival-conte.qc.ca\/en\/"},{"@type":"ListItem","position":2,"name":"2023 edition","item":"https:\/\/dev.festival-conte.qc.ca\/en\/2023-edition\/"},{"@type":"ListItem","position":3,"name":"Workshops and special events"}]},{"@type":"WebSite","@id":"https:\/\/www.festival-conte.qc.ca\/en\/#website","url":"https:\/\/www.festival-conte.qc.ca\/en\/","name":"","description":"FICM","publisher":{"@id":"https:\/\/www.festival-conte.qc.ca\/en\/#organization"},"potentialAction":[{"@type":"SearchAction","target":{"@type":"EntryPoint","urlTemplate":"https:\/\/www.festival-conte.qc.ca\/en\/?s={search_term_string}"},"query-input":{"@type":"PropertyValueSpecification","valueRequired":true,"valueName":"search_term_string"}}],"inLanguage":"en-US"},{"@type":"Organization","@id":"https:\/\/www.festival-conte.qc.ca\/en\/#organization","name":"Festival interculturel du conte de Montr\u00e9al","url":"https:\/\/www.festival-conte.qc.ca\/en\/","logo":{"@type":"ImageObject","inLanguage":"en-US","@id":"https:\/\/www.festival-conte.qc.ca\/en\/#\/schema\/logo\/image\/","url":"https:\/\/festival-conte.qc.ca\/wp-content\/uploads\/logo_ficm.png","contentUrl":"https:\/\/festival-conte.qc.ca\/wp-content\/uploads\/logo_ficm.png","width":1200,"height":1200,"caption":"Festival interculturel du conte de Montr\u00e9al"},"image":{"@id":"https:\/\/www.festival-conte.qc.ca\/en\/#\/schema\/logo\/image\/"},"sameAs":["https:\/\/www.facebook.com\/FestivalConteMontreal\/","https:\/\/www.youtube.com\/user\/FestivalConteQC","https:\/\/fr.wikipedia.org\/wiki\/Festival_interculturel_du_conte_du_Qu\u00e9bec"]}]}},"uagb_featured_image_src":{"full":false,"thumbnail":false,"medium":false,"medium_large":false,"large":false,"1536x1536":false,"2048x2048":false,"the_grid_size1":false,"the_grid_size2":false,"the_grid_size3":false,"the_grid_size4":false,"the_grid_size5":false},"uagb_author_info":{"display_name":"jeff","author_link":"https:\/\/festival-conte.qc.ca\/en\/author\/jeff\/"},"uagb_comment_info":0,"uagb_excerpt":"[vc_row][vc_column][vc_single_image image=&#8221;15528&#8243; img_size=&#8221;full&#8221; alignment=&#8221;center&#8221; onclick=&#8221;custom_link&#8221; link=&#8221;https:\/\/festival-conte.qc.ca\/en\/2023-edition\/&#8221;][\/vc_column][\/vc_row][vc_row][vc_column width=&#8221;2\/3&#8243;][vc_column_text] Workshops and special events From the Page to the Stage: workshop with Daniel [&hellip;]","_links":{"self":[{"href":"https:\/\/festival-conte.qc.ca\/en\/wp-json\/wp\/v2\/pages\/16445","targetHints":{"allow":["GET"]}}],"collection":[{"href":"https:\/\/festival-conte.qc.ca\/en\/wp-json\/wp\/v2\/pages"}],"about":[{"href":"https:\/\/festival-conte.qc.ca\/en\/wp-json\/wp\/v2\/types\/page"}],"author":[{"embeddable":true,"href":"https:\/\/festival-conte.qc.ca\/en\/wp-json\/wp\/v2\/users\/5"}],"replies":[{"embeddable":true,"href":"https:\/\/festival-conte.qc.ca\/en\/wp-json\/wp\/v2\/comments?post=16445"}],"version-history":[{"count":1,"href":"https:\/\/festival-conte.qc.ca\/en\/wp-json\/wp\/v2\/pages\/16445\/revisions"}],"predecessor-version":[{"id":21738,"href":"https:\/\/festival-conte.qc.ca\/en\/wp-json\/wp\/v2\/pages\/16445\/revisions\/21738"}],"up":[{"embeddable":true,"href":"https:\/\/festival-conte.qc.ca\/en\/wp-json\/wp\/v2\/pages\/16403"}],"wp:attachment":[{"href":"https:\/\/festival-conte.qc.ca\/en\/wp-json\/wp\/v2\/media?parent=16445"}],"curies":[{"name":"wp","href":"https:\/\/api.w.org\/{rel}","templated":true}]}}