{"id":7834,"date":"2019-08-29T15:55:57","date_gmt":"2019-08-29T19:55:57","guid":{"rendered":"https:\/\/festival-conte.qc.ca\/?page_id=7834"},"modified":"2025-09-10T12:44:55","modified_gmt":"2025-09-10T16:44:55","slug":"tickets","status":"publish","type":"page","link":"https:\/\/festival-conte.qc.ca\/en\/edition-2021-2-3-2-2-2\/tickets\/","title":{"rendered":"old Tickets"},"content":{"rendered":"<div class=\"wpb-content-wrapper\"><p>[vc_row][vc_column][vc_column_text]<\/p>\n<p>Reservations for the 16<sup>th<\/sup> edition of the Montreal Intercultural Storytelling Festival<\/p>\n<p>For general information about reservations<br \/>\n<a href=\"mailto:info@festival-conte.qc.ca\">info@festival-conte.qc.ca<\/a>, 514\u00a0439-7939<\/p>\n<p>Because of the evolution of the COVID-19 pandemic, it is strongly recommended that you reserve your tickets even for the free events. Please check our website regularly for updated information.<br \/>\nYou can reserve your tickets through the Calendar tab of our website. A link within each event will lead you to the reservations page of that event.<\/p>\n<p>For the Opening Night Gala at the Maison de la culture Notre-Dame-de-Gr\u00e2ces \u2013 Botrel:<br \/>\nhttps:\/\/montreal.ca\/evenements\/gala-douverture-festival-interculturel-du-conte-de-montreal-17783<\/p>\n<p>For Grandmama Speak\u00a0at the Maison de la culture Notre-Dame-de-Gr\u00e2ces \u2013 Botrel<br \/>\n<a href=\"https:\/\/montreal.ca\/evenements\/grandmama-speak-shayna-jones-ficm-17789\">https:\/\/montreal.ca\/evenements\/grandmama-speak-shayna-jones-ficm-17789<\/a><\/p>\n<p>For Flying in the Dark at the Th\u00e9\u00e2tre Sainte-Catherine:<br \/>\n<a href=\"https:\/\/lepointdevente.com\/tickets\/tsc211029001\">https:\/\/lepointdevente.com\/tickets\/tsc211029001<\/a><\/p>\n<p>For The Irishman and the Saga of Murdo McLeod at the Cin\u00e9math\u00e8que Qu\u00e9b\u00e9coise:<br \/>\n<a href=\"https:\/\/www.eventbrite.ca\/e\/billets-the-irishman-and-the-saga-of-murdo-macleod-mike-burns-g-scott-macleod-171267003217?aff=ebdsoporgprofile\">https:\/\/www.eventbrite.ca\/e\/billets-the-irishman-and-the-saga-of-murdo-macleod-mike-burns-g-scott-macleod-171267003217?aff=ebdsoporgprofile<\/a><\/p>\n<p>&nbsp;<\/p>\n<p>[\/vc_column_text][\/vc_column][\/vc_row]<\/p>\n<\/div>","protected":false},"excerpt":{"rendered":"<p>[vc_row][vc_column][vc_column_text] Reservations for the 16th edition of the Montreal Intercultural Storytelling Festival For general information about reservations info@festival-conte.qc.ca, 514\u00a0439-7939 Because [&hellip;]<\/p>\n","protected":false},"author":1,"featured_media":0,"parent":9985,"menu_order":0,"comment_status":"closed","ping_status":"closed","template":"","meta":{"_acf_changed":false,"inline_featured_image":false,"_uag_custom_page_level_css":"","site-sidebar-layout":"no-sidebar","site-content-layout":"plain-container","ast-site-content-layout":"default","site-content-style":"default","site-sidebar-style":"default","ast-global-header-display":"","ast-banner-title-visibility":"","ast-main-header-display":"","ast-hfb-above-header-display":"","ast-hfb-below-header-display":"","ast-hfb-mobile-header-display":"","site-post-title":"disabled","ast-breadcrumbs-content":"","ast-featured-img":"disabled","footer-sml-layout":"","ast-disable-related-posts":"","theme-transparent-header-meta":"default","adv-header-id-meta":"","stick-header-meta":"default","header-above-stick-meta":"","header-main-stick-meta":"","header-below-stick-meta":"","astra-migrate-meta-layouts":"set","ast-page-background-enabled":"default","ast-page-background-meta":{"desktop":{"background-color":"var(--ast-global-color-4)","background-image":"","background-repeat":"repeat","background-position":"center center","background-size":"auto","background-attachment":"scroll","background-type":"","background-media":"","overlay-type":"","overlay-color":"","overlay-opacity":"","overlay-gradient":""},"tablet":{"background-color":"","background-image":"","background-repeat":"repeat","background-position":"center center","background-size":"auto","background-attachment":"scroll","background-type":"","background-media":"","overlay-type":"","overlay-color":"","overlay-opacity":"","overlay-gradient":""},"mobile":{"background-color":"","background-image":"","background-repeat":"repeat","background-position":"center center","background-size":"auto","background-attachment":"scroll","background-type":"","background-media":"","overlay-type":"","overlay-color":"","overlay-opacity":"","overlay-gradient":""}},"ast-content-background-meta":{"desktop":{"background-color":"var(--ast-global-color-5)","background-image":"","background-repeat":"repeat","background-position":"center center","background-size":"auto","background-attachment":"scroll","background-type":"","background-media":"","overlay-type":"","overlay-color":"","overlay-opacity":"","overlay-gradient":""},"tablet":{"background-color":"var(--ast-global-color-5)","background-image":"","background-repeat":"repeat","background-position":"center center","background-size":"auto","background-attachment":"scroll","background-type":"","background-media":"","overlay-type":"","overlay-color":"","overlay-opacity":"","overlay-gradient":""},"mobile":{"background-color":"var(--ast-global-color-5)","background-image":"","background-repeat":"repeat","background-position":"center center","background-size":"auto","background-attachment":"scroll","background-type":"","background-media":"","overlay-type":"","overlay-color":"","overlay-opacity":"","overlay-gradient":""}},"footnotes":""},"class_list":["post-7834","page","type-page","status-publish","hentry"],"acf":[],"yoast_head":"<!-- This site is optimized with the Yoast SEO plugin v26.9 - https:\/\/yoast.com\/product\/yoast-seo-wordpress\/ -->\n<title>old Tickets -<\/title>\n<meta name=\"robots\" content=\"index, follow, max-snippet:-1, max-image-preview:large, max-video-preview:-1\" \/>\n<link rel=\"canonical\" href=\"https:\/\/festival-conte.qc.ca\/en\/edition-2021-2-3-2-2-2\/tickets\/\" \/>\n<meta property=\"og:locale\" content=\"en_US\" \/>\n<meta property=\"og:type\" content=\"article\" \/>\n<meta property=\"og:title\" content=\"old Tickets -\" \/>\n<meta property=\"og:description\" content=\"[vc_row][vc_column][vc_column_text] Reservations for the 16th edition of the Montreal Intercultural Storytelling Festival For general information about reservations info@festival-conte.qc.ca, 514\u00a0439-7939 Because [&hellip;]\" \/>\n<meta property=\"og:url\" content=\"https:\/\/festival-conte.qc.ca\/en\/edition-2021-2-3-2-2-2\/tickets\/\" \/>\n<meta property=\"article:publisher\" content=\"https:\/\/www.facebook.com\/FestivalConteMontreal\/\" \/>\n<meta property=\"article:modified_time\" content=\"2025-09-10T16:44:55+00:00\" \/>\n<meta name=\"twitter:card\" content=\"summary_large_image\" \/>\n<meta name=\"twitter:label1\" content=\"Est. reading time\" \/>\n\t<meta name=\"twitter:data1\" content=\"1 minute\" \/>\n<script type=\"application\/ld+json\" class=\"yoast-schema-graph\">{\"@context\":\"https:\/\/schema.org\",\"@graph\":[{\"@type\":\"WebPage\",\"@id\":\"https:\/\/festival-conte.qc.ca\/en\/edition-2021-2-3-2-2-2\/tickets\/\",\"url\":\"https:\/\/festival-conte.qc.ca\/en\/edition-2021-2-3-2-2-2\/tickets\/\",\"name\":\"old Tickets -\",\"isPartOf\":{\"@id\":\"https:\/\/www.festival-conte.qc.ca\/en\/#website\"},\"datePublished\":\"2019-08-29T19:55:57+00:00\",\"dateModified\":\"2025-09-10T16:44:55+00:00\",\"breadcrumb\":{\"@id\":\"https:\/\/festival-conte.qc.ca\/en\/edition-2021-2-3-2-2-2\/tickets\/#breadcrumb\"},\"inLanguage\":\"en-US\",\"potentialAction\":[{\"@type\":\"ReadAction\",\"target\":[\"https:\/\/festival-conte.qc.ca\/en\/edition-2021-2-3-2-2-2\/tickets\/\"]}]},{\"@type\":\"BreadcrumbList\",\"@id\":\"https:\/\/festival-conte.qc.ca\/en\/edition-2021-2-3-2-2-2\/tickets\/#breadcrumb\",\"itemListElement\":[{\"@type\":\"ListItem\",\"position\":1,\"name\":\"Accueil\",\"item\":\"https:\/\/festival-conte.qc.ca\/en\/\"},{\"@type\":\"ListItem\",\"position\":2,\"name\":\"Montreal Intercultural Storytelling Festival\",\"item\":\"https:\/\/festival-conte.qc.ca\/en\/\"},{\"@type\":\"ListItem\",\"position\":3,\"name\":\"old Tickets\"}]},{\"@type\":\"WebSite\",\"@id\":\"https:\/\/www.festival-conte.qc.ca\/en\/#website\",\"url\":\"https:\/\/www.festival-conte.qc.ca\/en\/\",\"name\":\"\",\"description\":\"FICM\",\"publisher\":{\"@id\":\"https:\/\/www.festival-conte.qc.ca\/en\/#organization\"},\"potentialAction\":[{\"@type\":\"SearchAction\",\"target\":{\"@type\":\"EntryPoint\",\"urlTemplate\":\"https:\/\/www.festival-conte.qc.ca\/en\/?s={search_term_string}\"},\"query-input\":{\"@type\":\"PropertyValueSpecification\",\"valueRequired\":true,\"valueName\":\"search_term_string\"}}],\"inLanguage\":\"en-US\"},{\"@type\":\"Organization\",\"@id\":\"https:\/\/www.festival-conte.qc.ca\/en\/#organization\",\"name\":\"Festival interculturel du conte de Montr\u00e9al\",\"url\":\"https:\/\/www.festival-conte.qc.ca\/en\/\",\"logo\":{\"@type\":\"ImageObject\",\"inLanguage\":\"en-US\",\"@id\":\"https:\/\/www.festival-conte.qc.ca\/en\/#\/schema\/logo\/image\/\",\"url\":\"https:\/\/festival-conte.qc.ca\/wp-content\/uploads\/logo_ficm.png\",\"contentUrl\":\"https:\/\/festival-conte.qc.ca\/wp-content\/uploads\/logo_ficm.png\",\"width\":1200,\"height\":1200,\"caption\":\"Festival interculturel du conte de Montr\u00e9al\"},\"image\":{\"@id\":\"https:\/\/www.festival-conte.qc.ca\/en\/#\/schema\/logo\/image\/\"},\"sameAs\":[\"https:\/\/www.facebook.com\/FestivalConteMontreal\/\",\"https:\/\/www.youtube.com\/user\/FestivalConteQC\",\"https:\/\/fr.wikipedia.org\/wiki\/Festival_interculturel_du_conte_du_Qu\u00e9bec\"]}]}<\/script>\n<!-- \/ Yoast SEO plugin. -->","yoast_head_json":{"title":"old Tickets -","robots":{"index":"index","follow":"follow","max-snippet":"max-snippet:-1","max-image-preview":"max-image-preview:large","max-video-preview":"max-video-preview:-1"},"canonical":"https:\/\/festival-conte.qc.ca\/en\/edition-2021-2-3-2-2-2\/tickets\/","og_locale":"en_US","og_type":"article","og_title":"old Tickets -","og_description":"[vc_row][vc_column][vc_column_text] Reservations for the 16th edition of the Montreal Intercultural Storytelling Festival For general information about reservations info@festival-conte.qc.ca, 514\u00a0439-7939 Because [&hellip;]","og_url":"https:\/\/festival-conte.qc.ca\/en\/edition-2021-2-3-2-2-2\/tickets\/","article_publisher":"https:\/\/www.facebook.com\/FestivalConteMontreal\/","article_modified_time":"2025-09-10T16:44:55+00:00","twitter_card":"summary_large_image","twitter_misc":{"Est. reading time":"1 minute"},"schema":{"@context":"https:\/\/schema.org","@graph":[{"@type":"WebPage","@id":"https:\/\/festival-conte.qc.ca\/en\/edition-2021-2-3-2-2-2\/tickets\/","url":"https:\/\/festival-conte.qc.ca\/en\/edition-2021-2-3-2-2-2\/tickets\/","name":"old Tickets -","isPartOf":{"@id":"https:\/\/www.festival-conte.qc.ca\/en\/#website"},"datePublished":"2019-08-29T19:55:57+00:00","dateModified":"2025-09-10T16:44:55+00:00","breadcrumb":{"@id":"https:\/\/festival-conte.qc.ca\/en\/edition-2021-2-3-2-2-2\/tickets\/#breadcrumb"},"inLanguage":"en-US","potentialAction":[{"@type":"ReadAction","target":["https:\/\/festival-conte.qc.ca\/en\/edition-2021-2-3-2-2-2\/tickets\/"]}]},{"@type":"BreadcrumbList","@id":"https:\/\/festival-conte.qc.ca\/en\/edition-2021-2-3-2-2-2\/tickets\/#breadcrumb","itemListElement":[{"@type":"ListItem","position":1,"name":"Accueil","item":"https:\/\/festival-conte.qc.ca\/en\/"},{"@type":"ListItem","position":2,"name":"Montreal Intercultural Storytelling Festival","item":"https:\/\/festival-conte.qc.ca\/en\/"},{"@type":"ListItem","position":3,"name":"old Tickets"}]},{"@type":"WebSite","@id":"https:\/\/www.festival-conte.qc.ca\/en\/#website","url":"https:\/\/www.festival-conte.qc.ca\/en\/","name":"","description":"FICM","publisher":{"@id":"https:\/\/www.festival-conte.qc.ca\/en\/#organization"},"potentialAction":[{"@type":"SearchAction","target":{"@type":"EntryPoint","urlTemplate":"https:\/\/www.festival-conte.qc.ca\/en\/?s={search_term_string}"},"query-input":{"@type":"PropertyValueSpecification","valueRequired":true,"valueName":"search_term_string"}}],"inLanguage":"en-US"},{"@type":"Organization","@id":"https:\/\/www.festival-conte.qc.ca\/en\/#organization","name":"Festival interculturel du conte de Montr\u00e9al","url":"https:\/\/www.festival-conte.qc.ca\/en\/","logo":{"@type":"ImageObject","inLanguage":"en-US","@id":"https:\/\/www.festival-conte.qc.ca\/en\/#\/schema\/logo\/image\/","url":"https:\/\/festival-conte.qc.ca\/wp-content\/uploads\/logo_ficm.png","contentUrl":"https:\/\/festival-conte.qc.ca\/wp-content\/uploads\/logo_ficm.png","width":1200,"height":1200,"caption":"Festival interculturel du conte de Montr\u00e9al"},"image":{"@id":"https:\/\/www.festival-conte.qc.ca\/en\/#\/schema\/logo\/image\/"},"sameAs":["https:\/\/www.facebook.com\/FestivalConteMontreal\/","https:\/\/www.youtube.com\/user\/FestivalConteQC","https:\/\/fr.wikipedia.org\/wiki\/Festival_interculturel_du_conte_du_Qu\u00e9bec"]}]}},"uagb_featured_image_src":{"full":false,"thumbnail":false,"medium":false,"medium_large":false,"large":false,"1536x1536":false,"2048x2048":false,"the_grid_size1":false,"the_grid_size2":false,"the_grid_size3":false,"the_grid_size4":false,"the_grid_size5":false},"uagb_author_info":{"display_name":"Stephanie","author_link":"https:\/\/festival-conte.qc.ca\/en\/author\/stephanie\/"},"uagb_comment_info":0,"uagb_excerpt":"[vc_row][vc_column][vc_column_text] Reservations for the 16th edition of the Montreal Intercultural Storytelling Festival For general information about reservations info@festival-conte.qc.ca, 514\u00a0439-7939 Because [&hellip;]","_links":{"self":[{"href":"https:\/\/festival-conte.qc.ca\/en\/wp-json\/wp\/v2\/pages\/7834","targetHints":{"allow":["GET"]}}],"collection":[{"href":"https:\/\/festival-conte.qc.ca\/en\/wp-json\/wp\/v2\/pages"}],"about":[{"href":"https:\/\/festival-conte.qc.ca\/en\/wp-json\/wp\/v2\/types\/page"}],"author":[{"embeddable":true,"href":"https:\/\/festival-conte.qc.ca\/en\/wp-json\/wp\/v2\/users\/1"}],"replies":[{"embeddable":true,"href":"https:\/\/festival-conte.qc.ca\/en\/wp-json\/wp\/v2\/comments?post=7834"}],"version-history":[{"count":1,"href":"https:\/\/festival-conte.qc.ca\/en\/wp-json\/wp\/v2\/pages\/7834\/revisions"}],"predecessor-version":[{"id":21908,"href":"https:\/\/festival-conte.qc.ca\/en\/wp-json\/wp\/v2\/pages\/7834\/revisions\/21908"}],"up":[{"embeddable":true,"href":"https:\/\/festival-conte.qc.ca\/en\/wp-json\/wp\/v2\/pages\/9985"}],"wp:attachment":[{"href":"https:\/\/festival-conte.qc.ca\/en\/wp-json\/wp\/v2\/media?parent=7834"}],"curies":[{"name":"wp","href":"https:\/\/api.w.org\/{rel}","templated":true}]}}